{"id":5175,"date":"2025-08-08T08:58:53","date_gmt":"2025-08-08T06:58:53","guid":{"rendered":"https:\/\/luciagilclinicadental.com\/?page_id=5175"},"modified":"2025-08-08T10:16:57","modified_gmt":"2025-08-08T08:16:57","slug":"cv-mireia-simo","status":"publish","type":"page","link":"https:\/\/luciagilclinicadental.com\/en\/cv-mireia-simo\/","title":{"rendered":"CV Mireia Sim\u00f3"},"content":{"rendered":"<p><div class=\"fusion-fullwidth fullwidth-box fusion-builder-row-1 fusion-flex-container has-pattern-background has-mask-background fusion-parallax-none nonhundred-percent-fullwidth non-hundred-percent-height-scrolling\" style=\"--awb-border-radius-top-left:0px;--awb-border-radius-top-right:0px;--awb-border-radius-bottom-right:0px;--awb-border-radius-bottom-left:0px;--awb-padding-top:4%;--awb-padding-bottom:2%;--awb-padding-left-medium:8%;--awb-padding-top-small:10%;--awb-padding-bottom-small:10%;--awb-margin-top-small:0px;--awb-background-image:url(&quot;https:\/\/luciagilclinicadental.com\/wp-content\/uploads\/2020\/12\/bg3000.jpg&quot;);--awb-background-size:cover;--awb-flex-wrap:wrap;\" ><div class=\"fusion-builder-row fusion-row fusion-flex-align-items-flex-start fusion-flex-content-wrap\" style=\"max-width:1331.2px;margin-left: calc(-4% \/ 2 );margin-right: calc(-4% \/ 2 );\"><div class=\"fusion-layout-column fusion_builder_column fusion-builder-column-0 fusion_builder_column_1_1 1_1 fusion-flex-column\" style=\"--awb-bg-size:cover;--awb-width-large:100%;--awb-margin-top-large:0px;--awb-spacing-right-large:1.92%;--awb-margin-bottom-large:0px;--awb-spacing-left-large:1.92%;--awb-width-medium:100%;--awb-order-medium:0;--awb-spacing-right-medium:1.92%;--awb-spacing-left-medium:1.92%;--awb-width-small:100%;--awb-order-small:0;--awb-spacing-right-small:1.92%;--awb-spacing-left-small:1.92%;\" data-scroll-devices=\"small-visibility,medium-visibility,large-visibility\"><div class=\"fusion-column-wrapper fusion-column-has-shadow fusion-flex-justify-content-flex-start fusion-content-layout-column\"><div class=\"fusion-title title fusion-title-1 fusion-sep-none fusion-title-text fusion-title-size-two\" style=\"--awb-text-color:var(--awb-color1);--awb-font-size:35px;\"><h2 class=\"fusion-title-heading title-heading-left fusion-responsive-typography-calculated\" style=\"margin:0;font-size:1em;--fontSize:35;line-height:1.2;\">Dra. Mireia Sim\u00f3<\/h2><\/div><\/div><\/div><\/div><\/div><div class=\"fusion-fullwidth fullwidth-box fusion-builder-row-2 fusion-flex-container has-pattern-background has-mask-background nonhundred-percent-fullwidth non-hundred-percent-height-scrolling\" style=\"--awb-border-radius-top-left:0px;--awb-border-radius-top-right:0px;--awb-border-radius-bottom-right:0px;--awb-border-radius-bottom-left:0px;--awb-padding-bottom:100px;--awb-flex-wrap:wrap;\" ><div class=\"fusion-builder-row fusion-row fusion-flex-align-items-flex-start fusion-flex-content-wrap\" style=\"max-width:1331.2px;margin-left: calc(-4% \/ 2 );margin-right: calc(-4% \/ 2 );\"><div class=\"fusion-layout-column fusion_builder_column fusion-builder-column-1 fusion_builder_column_1_3 1_3 fusion-flex-column\" style=\"--awb-bg-image:url(&#039;https:\/\/luciagilclinicadental.com\/wp-content\/uploads\/2025\/07\/luciagil-clinica-dental-valencia-estetica-dental-dra-lucia-gil-raga-cv.jpg&#039;);--awb-bg-size:cover;--awb-width-large:33.333333333333%;--awb-margin-top-large:0px;--awb-spacing-right-large:5.76%;--awb-margin-bottom-large:0px;--awb-spacing-left-large:5.76%;--awb-width-medium:100%;--awb-order-medium:0;--awb-spacing-right-medium:1.92%;--awb-spacing-left-medium:1.92%;--awb-width-small:100%;--awb-order-small:0;--awb-spacing-right-small:1.92%;--awb-spacing-left-small:1.92%;\" data-scroll-devices=\"small-visibility,medium-visibility,large-visibility\"><div class=\"fusion-column-wrapper fusion-column-has-shadow fusion-flex-justify-content-flex-start fusion-content-layout-column fusion-column-has-bg-image\" data-bg-url=\"https:\/\/luciagilclinicadental.com\/wp-content\/uploads\/2025\/07\/luciagil-clinica-dental-valencia-estetica-dental-dra-lucia-gil-raga-cv.jpg\"><div class=\"fusion-image-element\" style=\"--awb-max-width:800px;--awb-caption-title-font-family:var(--h2_typography-font-family);--awb-caption-title-font-weight:var(--h2_typography-font-weight);--awb-caption-title-font-style:var(--h2_typography-font-style);--awb-caption-title-size:var(--h2_typography-font-size);--awb-caption-title-transform:var(--h2_typography-text-transform);--awb-caption-title-line-height:var(--h2_typography-line-height);--awb-caption-title-letter-spacing:var(--h2_typography-letter-spacing);\"><span class=\"fusion-imageframe imageframe-none imageframe-1 hover-type-none\"><img decoding=\"async\" width=\"534\" height=\"800\" title=\"luciagil-clinica-dental-valencia-estetica-dental-dtra-mireia-simo\" src=\"https:\/\/luciagilclinicadental.com\/wp-content\/uploads\/2025\/07\/luciagil-clinica-dental-valencia-estetica-dental-dtra-mireia-simo.jpg\" alt class=\"img-responsive wp-image-5131\" srcset=\"https:\/\/luciagilclinicadental.com\/wp-content\/uploads\/2025\/07\/luciagil-clinica-dental-valencia-estetica-dental-dtra-mireia-simo-200x300.jpg 200w, https:\/\/luciagilclinicadental.com\/wp-content\/uploads\/2025\/07\/luciagil-clinica-dental-valencia-estetica-dental-dtra-mireia-simo-400x599.jpg 400w, https:\/\/luciagilclinicadental.com\/wp-content\/uploads\/2025\/07\/luciagil-clinica-dental-valencia-estetica-dental-dtra-mireia-simo.jpg 534w\" sizes=\"(max-width: 1024px) 100vw, (max-width: 640px) 100vw, 400px\" \/><\/span><\/div><\/div><\/div><div class=\"fusion-layout-column fusion_builder_column fusion-builder-column-2 fusion_builder_column_2_3 2_3 fusion-flex-column\" style=\"--awb-bg-size:cover;--awb-width-large:66.666666666667%;--awb-margin-top-large:70px;--awb-spacing-right-large:2.88%;--awb-margin-bottom-large:0px;--awb-spacing-left-large:2.88%;--awb-width-medium:100%;--awb-order-medium:0;--awb-spacing-right-medium:1.92%;--awb-spacing-left-medium:1.92%;--awb-width-small:100%;--awb-order-small:0;--awb-spacing-right-small:1.92%;--awb-spacing-left-small:1.92%;\" data-scroll-devices=\"small-visibility,medium-visibility,large-visibility\"><div class=\"fusion-column-wrapper fusion-column-has-shadow fusion-flex-justify-content-flex-start fusion-content-layout-column\"><div class=\"fusion-text fusion-text-1\" style=\"--awb-font-size:17px;\"><p class=\"p1\"><strong><span class=\"s1\">N\u00ba Col. 46005150<\/span><\/strong><\/p>\n<p class=\"p1\"><strong><span class=\"s1\">Specialist in Paediatric Dentistry.<\/span><\/strong><\/p>\n<p><strong>Specialist in Ankyloglossia in relation to Breastfeeding.<\/strong><\/p>\n<p><strong>Specialist in Botulinum Toxin in Dentistry.<\/strong><\/p>\n<p><strong>Specialist in Hyaluronic Acid and Collagen Biostimulators in Orofacial Harmonisation.<\/strong><\/p>\n<p>Graduate in Dentistry from the University of Valencia.<\/p>\n<p>Maste in Paediatric Dentistry from the Catholic University of Valencia.<\/p>\n<p>Master in Orthodontics and Dentofacial Orthopaedics from CEU Cardenal Herrera University.<\/p>\n<p>Member of the Spanish Society of Paediatric Dentistry.<\/p>\n<p>Member of the Spanish Society for Orofacial Harmonisation.<\/p>\n<\/div><\/div><\/div><\/div><\/div><\/p>","protected":false},"excerpt":{"rendered":"","protected":false},"author":100000,"featured_media":0,"parent":0,"menu_order":0,"comment_status":"closed","ping_status":"closed","template":"100-width.php","meta":{"_joinchat":[],"footnotes":""},"class_list":["post-5175","page","type-page","status-publish","hentry"],"yoast_head":"<!-- This site is optimized with the Yoast SEO Premium plugin v27.2 (Yoast SEO v27.4) - https:\/\/yoast.com\/product\/yoast-seo-premium-wordpress\/ -->\n<title>CV Mireia Sim\u00f3 |<\/title>\n<meta name=\"robots\" content=\"noindex, nofollow\" \/>\n<meta property=\"og:locale\" content=\"en_GB\" \/>\n<meta property=\"og:type\" content=\"article\" \/>\n<meta property=\"og:title\" content=\"CV Mireia Sim\u00f3\" \/>\n<meta property=\"og:url\" content=\"https:\/\/luciagilclinicadental.com\/en\/cv-mireia-simo\/\" \/>\n<meta property=\"article:publisher\" content=\"https:\/\/www.facebook.com\/luciagilclinicadental\" \/>\n<meta property=\"article:modified_time\" content=\"2025-08-08T08:16:57+00:00\" \/>\n<meta property=\"og:image\" content=\"https:\/\/luciagilclinicadental.com\/wp-content\/uploads\/2020\/10\/lg-2x-c-e1752490047272.png\" \/>\n\t<meta property=\"og:image:width\" content=\"300\" \/>\n\t<meta property=\"og:image:height\" content=\"73\" \/>\n\t<meta property=\"og:image:type\" content=\"image\/png\" \/>\n<meta name=\"twitter:card\" content=\"summary_large_image\" \/>\n<meta name=\"twitter:label1\" content=\"Estimated reading time\" \/>\n\t<meta name=\"twitter:data1\" content=\"1 minute\" \/>\n<script type=\"application\/ld+json\" class=\"yoast-schema-graph\">{\"@context\":\"https:\\\/\\\/schema.org\",\"@graph\":[{\"@type\":\"WebPage\",\"@id\":\"https:\\\/\\\/luciagilclinicadental.com\\\/cv-mireia-simo\\\/\",\"url\":\"https:\\\/\\\/luciagilclinicadental.com\\\/cv-mireia-simo\\\/\",\"name\":\"CV Mireia Sim\u00f3 |\",\"isPartOf\":{\"@id\":\"https:\\\/\\\/luciagilclinicadental.com\\\/en\\\/#website\"},\"datePublished\":\"2025-08-08T06:58:53+00:00\",\"dateModified\":\"2025-08-08T08:16:57+00:00\",\"breadcrumb\":{\"@id\":\"https:\\\/\\\/luciagilclinicadental.com\\\/cv-mireia-simo\\\/#breadcrumb\"},\"inLanguage\":\"en-GB\",\"potentialAction\":[{\"@type\":\"ReadAction\",\"target\":[\"https:\\\/\\\/luciagilclinicadental.com\\\/cv-mireia-simo\\\/\"]}]},{\"@type\":\"BreadcrumbList\",\"@id\":\"https:\\\/\\\/luciagilclinicadental.com\\\/cv-mireia-simo\\\/#breadcrumb\",\"itemListElement\":[{\"@type\":\"ListItem\",\"position\":1,\"name\":\"Portada\",\"item\":\"https:\\\/\\\/luciagilclinicadental.com\\\/en\\\/\"},{\"@type\":\"ListItem\",\"position\":2,\"name\":\"CV Mireia Sim\u00f3\"}]},{\"@type\":\"WebSite\",\"@id\":\"https:\\\/\\\/luciagilclinicadental.com\\\/en\\\/#website\",\"url\":\"https:\\\/\\\/luciagilclinicadental.com\\\/en\\\/\",\"name\":\"Cl\u00ednica Dental Luc\u00eda Gil\",\"description\":\"Cl\u00ednica Dental Especializada en Est\u00e9tica Dental y Dise\u00f1o de Sonrisa\",\"publisher\":{\"@id\":\"https:\\\/\\\/luciagilclinicadental.com\\\/en\\\/#organization\"},\"alternateName\":\"Especialistas en Est\u00e9tica dental\",\"potentialAction\":[{\"@type\":\"SearchAction\",\"target\":{\"@type\":\"EntryPoint\",\"urlTemplate\":\"https:\\\/\\\/luciagilclinicadental.com\\\/en\\\/?s={search_term_string}\"},\"query-input\":{\"@type\":\"PropertyValueSpecification\",\"valueRequired\":true,\"valueName\":\"search_term_string\"}}],\"inLanguage\":\"en-GB\"},{\"@type\":\"Organization\",\"@id\":\"https:\\\/\\\/luciagilclinicadental.com\\\/en\\\/#organization\",\"name\":\"luciagilclinicadental.com\",\"alternateName\":\"Luc\u00eda Gil Dental\",\"url\":\"https:\\\/\\\/luciagilclinicadental.com\\\/en\\\/\",\"logo\":{\"@type\":\"ImageObject\",\"inLanguage\":\"en-GB\",\"@id\":\"https:\\\/\\\/luciagilclinicadental.com\\\/en\\\/#\\\/schema\\\/logo\\\/image\\\/\",\"url\":\"https:\\\/\\\/luciagilclinicadental.com\\\/wp-content\\\/uploads\\\/2020\\\/10\\\/favi.png\",\"contentUrl\":\"https:\\\/\\\/luciagilclinicadental.com\\\/wp-content\\\/uploads\\\/2020\\\/10\\\/favi.png\",\"width\":900,\"height\":900,\"caption\":\"luciagilclinicadental.com\"},\"image\":{\"@id\":\"https:\\\/\\\/luciagilclinicadental.com\\\/en\\\/#\\\/schema\\\/logo\\\/image\\\/\"},\"sameAs\":[\"https:\\\/\\\/www.facebook.com\\\/luciagilclinicadental\",\"https:\\\/\\\/www.instagram.com\\\/luciagildental\"]}]}<\/script>\n<!-- \/ Yoast SEO Premium plugin. -->","yoast_head_json":{"title":"CV Mireia Sim\u00f3 |","robots":{"index":"noindex","follow":"nofollow"},"og_locale":"en_GB","og_type":"article","og_title":"CV Mireia Sim\u00f3","og_url":"https:\/\/luciagilclinicadental.com\/en\/cv-mireia-simo\/","article_publisher":"https:\/\/www.facebook.com\/luciagilclinicadental","article_modified_time":"2025-08-08T08:16:57+00:00","og_image":[{"width":300,"height":73,"url":"https:\/\/luciagilclinicadental.com\/wp-content\/uploads\/2020\/10\/lg-2x-c-e1752490047272.png","type":"image\/png"}],"twitter_card":"summary_large_image","twitter_misc":{"Estimated reading time":"1 minute"},"schema":{"@context":"https:\/\/schema.org","@graph":[{"@type":"WebPage","@id":"https:\/\/luciagilclinicadental.com\/cv-mireia-simo\/","url":"https:\/\/luciagilclinicadental.com\/cv-mireia-simo\/","name":"CV Mireia Sim\u00f3 |","isPartOf":{"@id":"https:\/\/luciagilclinicadental.com\/en\/#website"},"datePublished":"2025-08-08T06:58:53+00:00","dateModified":"2025-08-08T08:16:57+00:00","breadcrumb":{"@id":"https:\/\/luciagilclinicadental.com\/cv-mireia-simo\/#breadcrumb"},"inLanguage":"en-GB","potentialAction":[{"@type":"ReadAction","target":["https:\/\/luciagilclinicadental.com\/cv-mireia-simo\/"]}]},{"@type":"BreadcrumbList","@id":"https:\/\/luciagilclinicadental.com\/cv-mireia-simo\/#breadcrumb","itemListElement":[{"@type":"ListItem","position":1,"name":"Portada","item":"https:\/\/luciagilclinicadental.com\/en\/"},{"@type":"ListItem","position":2,"name":"CV Mireia Sim\u00f3"}]},{"@type":"WebSite","@id":"https:\/\/luciagilclinicadental.com\/en\/#website","url":"https:\/\/luciagilclinicadental.com\/en\/","name":"Cl\u00ednica Dental Luc\u00eda Gil","description":"Cl\u00ednica Dental Especializada en Est\u00e9tica Dental y Dise\u00f1o de Sonrisa","publisher":{"@id":"https:\/\/luciagilclinicadental.com\/en\/#organization"},"alternateName":"Especialistas en Est\u00e9tica dental","potentialAction":[{"@type":"SearchAction","target":{"@type":"EntryPoint","urlTemplate":"https:\/\/luciagilclinicadental.com\/en\/?s={search_term_string}"},"query-input":{"@type":"PropertyValueSpecification","valueRequired":true,"valueName":"search_term_string"}}],"inLanguage":"en-GB"},{"@type":"Organization","@id":"https:\/\/luciagilclinicadental.com\/en\/#organization","name":"luciagilclinicadental.com","alternateName":"Luc\u00eda Gil Dental","url":"https:\/\/luciagilclinicadental.com\/en\/","logo":{"@type":"ImageObject","inLanguage":"en-GB","@id":"https:\/\/luciagilclinicadental.com\/en\/#\/schema\/logo\/image\/","url":"https:\/\/luciagilclinicadental.com\/wp-content\/uploads\/2020\/10\/favi.png","contentUrl":"https:\/\/luciagilclinicadental.com\/wp-content\/uploads\/2020\/10\/favi.png","width":900,"height":900,"caption":"luciagilclinicadental.com"},"image":{"@id":"https:\/\/luciagilclinicadental.com\/en\/#\/schema\/logo\/image\/"},"sameAs":["https:\/\/www.facebook.com\/luciagilclinicadental","https:\/\/www.instagram.com\/luciagildental"]}]}},"_links":{"self":[{"href":"https:\/\/luciagilclinicadental.com\/en\/wp-json\/wp\/v2\/pages\/5175","targetHints":{"allow":["GET"]}}],"collection":[{"href":"https:\/\/luciagilclinicadental.com\/en\/wp-json\/wp\/v2\/pages"}],"about":[{"href":"https:\/\/luciagilclinicadental.com\/en\/wp-json\/wp\/v2\/types\/page"}],"author":[{"embeddable":true,"href":"https:\/\/luciagilclinicadental.com\/en\/wp-json\/wp\/v2\/users\/100000"}],"replies":[{"embeddable":true,"href":"https:\/\/luciagilclinicadental.com\/en\/wp-json\/wp\/v2\/comments?post=5175"}],"version-history":[{"count":0,"href":"https:\/\/luciagilclinicadental.com\/en\/wp-json\/wp\/v2\/pages\/5175\/revisions"}],"wp:attachment":[{"href":"https:\/\/luciagilclinicadental.com\/en\/wp-json\/wp\/v2\/media?parent=5175"}],"curies":[{"name":"wp","href":"https:\/\/api.w.org\/{rel}","templated":true}]}}