{"id":3,"date":"2019-05-26T21:07:54","date_gmt":"2019-05-26T21:07:54","guid":{"rendered":"https:\/\/red-hare-924226.hostingersite.com\/?page_id=3"},"modified":"2025-07-29T17:52:03","modified_gmt":"2025-07-29T15:52:03","slug":"politica-privacidad","status":"publish","type":"page","link":"https:\/\/luciagilclinicadental.com\/en\/politica-privacidad\/","title":{"rendered":"Pol\u00edtica de Privacidad"},"content":{"rendered":"<p><div class=\"fusion-fullwidth fullwidth-box fusion-builder-row-1 fusion-flex-container has-pattern-background has-mask-background fusion-parallax-none nonhundred-percent-fullwidth non-hundred-percent-height-scrolling\" style=\"--awb-border-radius-top-left:0px;--awb-border-radius-top-right:0px;--awb-border-radius-bottom-right:0px;--awb-border-radius-bottom-left:0px;--awb-padding-top:4%;--awb-padding-bottom:2%;--awb-padding-left-medium:8%;--awb-padding-top-small:10%;--awb-padding-bottom-small:10%;--awb-margin-top-small:0px;--awb-background-image:url(&quot;https:\/\/luciagilclinicadental.com\/wp-content\/uploads\/2020\/12\/bg3000.jpg&quot;);--awb-background-size:cover;--awb-flex-wrap:wrap;\" ><div class=\"fusion-builder-row fusion-row fusion-flex-align-items-flex-start fusion-flex-content-wrap\" style=\"max-width:1331.2px;margin-left: calc(-4% \/ 2 );margin-right: calc(-4% \/ 2 );\"><div class=\"fusion-layout-column fusion_builder_column fusion-builder-column-0 fusion_builder_column_1_1 1_1 fusion-flex-column\" style=\"--awb-bg-size:cover;--awb-width-large:100%;--awb-margin-top-large:0px;--awb-spacing-right-large:1.92%;--awb-margin-bottom-large:0px;--awb-spacing-left-large:1.92%;--awb-width-medium:100%;--awb-order-medium:0;--awb-spacing-right-medium:1.92%;--awb-spacing-left-medium:1.92%;--awb-width-small:100%;--awb-order-small:0;--awb-spacing-right-small:1.92%;--awb-spacing-left-small:1.92%;\" data-scroll-devices=\"small-visibility,medium-visibility,large-visibility\"><div class=\"fusion-column-wrapper fusion-column-has-shadow fusion-flex-justify-content-flex-start fusion-content-layout-column\"><div class=\"fusion-title title fusion-title-1 fusion-sep-none fusion-title-text fusion-title-size-two\" style=\"--awb-text-color:var(--awb-color1);--awb-font-size:35px;\"><h2 class=\"fusion-title-heading title-heading-left fusion-responsive-typography-calculated\" style=\"margin:0;font-size:1em;--fontSize:35;line-height:1.2;\">Pol\u00edtica de Privacidad.<\/h2><\/div><\/div><\/div><\/div><\/div><div class=\"fusion-fullwidth fullwidth-box fusion-builder-row-2 nonhundred-percent-fullwidth non-hundred-percent-height-scrolling\" style=\"--awb-border-radius-top-left:0px;--awb-border-radius-top-right:0px;--awb-border-radius-bottom-right:0px;--awb-border-radius-bottom-left:0px;--awb-flex-wrap:wrap;\" ><div class=\"fusion-builder-row fusion-row\"><div class=\"fusion-layout-column fusion_builder_column fusion-builder-column-1 fusion_builder_column_1_5 1_5 fusion-one-fifth fusion-column-first\" style=\"--awb-bg-size:cover;width:20%;width:calc(20% - ( ( 4% + 4% ) * 0.2 ) );margin-right: 4%;\"><div class=\"fusion-column-wrapper fusion-column-has-shadow fusion-flex-column-wrapper-legacy\"><div class=\"fusion-clearfix\"><\/div><\/div><\/div><div class=\"fusion-layout-column fusion_builder_column fusion-builder-column-2 fusion_builder_column_3_5 3_5 fusion-three-fifth\" style=\"--awb-bg-size:cover;width:60%;width:calc(60% - ( ( 4% + 4% ) * 0.6 ) );margin-right: 4%;\"><div class=\"fusion-column-wrapper fusion-column-has-shadow fusion-flex-column-wrapper-legacy\"><div class=\"fusion-sep-clear\"><\/div><div class=\"fusion-separator fusion-full-width-sep\" style=\"margin-left: auto;margin-right: auto;margin-top:80px;width:100%;\"><\/div><div class=\"fusion-sep-clear\"><\/div><div class=\"fusion-text fusion-text-1\"><p>This Privacy Policy regulates the use of the Internet portal service at WWW.LUCIAGILCLINICADENTAL.COM, which is managed by:<\/p>\n<ul>\n<li aria-level=\"1\">Responsible: FERAL STRENIA, S.L.<\/li>\n<li aria-level=\"1\">NIF: B19480722<\/li>\n<li aria-level=\"1\">Address: GRAN V\u00cdA MARQU\u00c9S DEL TURIA No. 40, PTA 2<\/li>\n<li aria-level=\"1\">Telephone: 963331288<\/li>\n<li aria-level=\"1\">Mail: LUCIAGILADMON@GMAIL.COM<\/li>\n<\/ul>\n<p><b>Purpose: Why do we process your data?<\/b><\/p>\n<p>For the purposes of the provisions of the GDPR of 27 April 2016 and LO 3\/2018, we will process the data we collect for the following purposes:<\/p>\n<ul>\n<li aria-level=\"1\">Contact you if you request us to do so.<\/li>\n<li aria-level=\"1\">Manage your browsing on the website, where applicable.<\/li>\n<li aria-level=\"1\">To send you commercial communications about our products and services.<\/li>\n<li aria-level=\"1\">(*)Manage purchases of products offered on the website added to the basket.<\/li>\n<\/ul>\n<p>To this end, users will be provided with a registration form which, once completed, will entitle them to access and enjoy certain services offered on the website.<\/p>\n<p>No obstante, se informa al usuario que en todo formulario de contacto el mismo ser\u00e1 informado del uso que sehar\u00e1 de los datos obtenidos y, si son utilizados para un fin distinto, dicho consentimiento se obtendr\u00e1previamente y de manera expresa.<\/p>\n<p>If the consent of the data subject is given in the context of a written statement that also refers to other matters, the request for consent shall be presented in such a way that it is clearly distinguishable from the other matters, in an intelligible and easily accessible form, using clear and plain language, in accordance with Article 7.2 of the GDPR of 27 April 2016.<\/p>\n<p><b>Legitimacy: What is the legitimacy for processing your data?<\/b><\/p>\n<p>The legal basis for the processing of your data will be based on:<\/p>\n<ul>\n<li aria-level=\"1\">The consent of the data subject for the processing of their data, in accordance with Article 6.1.a) of the European General Data Protection Regulation.<\/li>\n<li aria-level=\"1\">The necessary execution of a contract to which the data subject is party or for the application of pre-contractual measures at the data subject's request, in accordance with Article 6(1)(b) of the European General Data Protection Regulation.<\/li>\n<\/ul>\n<p><b>Recipients, Who do we share your data with?<\/b><\/p>\n<p>Los datos personales no ser\u00e1n objeto de cesi\u00f3n salvo en el cumplimiento de obligaciones legalmente establecidaso para dar soporte a los servicios vinculados a este tratamiento.<\/p>\n<p><b>Retention: How long do we keep your data?<\/b><\/p>\n<p>We will retain your personal data for at least 5 years if you are a customer and for the strict compliance with the legal obligations established in the regulations.<\/p>\n<p>If you are not a customer, we will retain your data for the minimum time necessary to manage our relationship.<\/p>\n<p><b>Rights: What are your rights when you provide us with your data?<\/b><\/p>\n<p>Any person has the right to obtain confirmation as to whether personal data concerning them is being processed.<\/p>\n<p>Interested parties have the right to access their personal data, as well as to request the rectification of inaccurate data or, where appropriate, request its deletion when, among other reasons, the data is no longer necessary for the purposes for which it was collected.<\/p>\n<p>In certain circumstances, interested parties may request the restriction of the processing of their data, in which case we will only retain it for the exercise or defence of claims.<\/p>\n<p>In certain circumstances and for reasons related to their particular situation, interested parties may object to the processing of their data. In this case, the data will no longer be processed, except for legitimate reasons or the exercise or defence of possible claims.<\/p>\n<p>Interested parties may request data portability to obtain the data they have provided in a structured, commonly used, and machine-readable format, to be downloaded by themselves or transmitted to another entity.<\/p>\n<p>The interested party may exercise their rights by sending an email to LUCIAGILADMON@GMAIL.COM, or, where applicable, to the physical address GRAN V\u00cdA MARQU\u00c9S DEL TURIA N\u00ba 40, PTA 2.<\/p>\n<p><b>Consent for minors: What happens if you are underage?<\/b><\/p>\n<p>In the event that some of our services are specifically aimed at children under the age of fourteen, we will request the consent of parents or guardians for the collection of personal data or, where applicable, for the automated processing of data in accordance with Article 7 of the LOPDGDD.<\/p>\n<p><b>Accuracy, truthfulness and security of data. How do we process your data?<\/b><\/p>\n<p>The User is solely responsible for the accuracy and correctness of the data included, exempting us from any responsibility in this regard. Users guarantee and are responsible, in any case, for the accuracy, validity and authenticity of the personal data provided, and undertake to keep them duly updated. The user agrees to provide complete and correct information in the registration or subscription forms. We shall not be liable for the accuracy of information that is not produced by us and for which another source is indicated, and therefore we do not assume any responsibility for any hypothetical damages that may arise from the use of such information.<\/p>\n<p>We also reserve the right to update, modify or delete the information contained on the website, and may even limit or allow access to such information. We shall not be liable for any damage or harm that the User may suffer as a result of errors, defects or omissions in the information provided by the controller, provided that it comes from external sources.<\/p>\n<p>Los datos ser\u00e1n tratados de forma confidencial y bajo el sometimiento a medidas t\u00e9cnicas y organizativas deseguridad adecuadas para evitar su alteraci\u00f3n, p\u00e9rdida, tratamiento o acceso no autorizado.<\/p>\n<p>You may lodge a complaint with the Spanish Data Protection Agency, particularly if you have not obtained satisfaction in the exercise of your rights, at the postal and\/or email address indicated on the website www.aepd.es.<\/p>\n<\/div><div class=\"fusion-sep-clear\"><\/div><div class=\"fusion-separator fusion-full-width-sep\" style=\"margin-left: auto;margin-right: auto;margin-top:80px;width:100%;\"><\/div><div class=\"fusion-sep-clear\"><\/div><div class=\"fusion-clearfix\"><\/div><\/div><\/div><div class=\"fusion-layout-column fusion_builder_column fusion-builder-column-3 fusion_builder_column_1_5 1_5 fusion-one-fifth fusion-column-last\" style=\"--awb-bg-size:cover;width:20%;width:calc(20% - ( ( 4% + 4% ) * 0.2 ) );\"><div class=\"fusion-column-wrapper fusion-column-has-shadow fusion-flex-column-wrapper-legacy\"><div class=\"fusion-clearfix\"><\/div><\/div><\/div><\/div><\/div><\/p>","protected":false},"excerpt":{"rendered":"","protected":false},"author":100000,"featured_media":0,"parent":0,"menu_order":20,"comment_status":"closed","ping_status":"open","template":"100-width.php","meta":{"_joinchat":[],"footnotes":""},"class_list":["post-3","page","type-page","status-publish","hentry"],"yoast_head":"<!-- This site is optimized with the Yoast SEO Premium plugin v27.2 (Yoast SEO v27.4) - https:\/\/yoast.com\/product\/yoast-seo-premium-wordpress\/ -->\n<title>Pol\u00edtica de Privacidad |<\/title>\n<meta name=\"robots\" content=\"noindex, nofollow\" \/>\n<meta property=\"og:locale\" content=\"en_GB\" \/>\n<meta property=\"og:type\" content=\"article\" \/>\n<meta property=\"og:title\" content=\"Pol\u00edtica de Privacidad\" \/>\n<meta property=\"og:url\" content=\"https:\/\/luciagilclinicadental.com\/en\/politica-privacidad\/\" \/>\n<meta property=\"article:publisher\" content=\"https:\/\/www.facebook.com\/luciagilclinicadental\" \/>\n<meta property=\"article:modified_time\" content=\"2025-07-29T15:52:03+00:00\" \/>\n<meta property=\"og:image\" content=\"https:\/\/luciagilclinicadental.com\/wp-content\/uploads\/2020\/10\/lg-2x-c-e1752490047272.png\" \/>\n\t<meta property=\"og:image:width\" content=\"300\" \/>\n\t<meta property=\"og:image:height\" content=\"73\" \/>\n\t<meta property=\"og:image:type\" content=\"image\/png\" \/>\n<meta name=\"twitter:card\" content=\"summary_large_image\" \/>\n<meta name=\"twitter:label1\" content=\"Estimated reading time\" \/>\n\t<meta name=\"twitter:data1\" content=\"5 minutes\" \/>\n<script type=\"application\/ld+json\" class=\"yoast-schema-graph\">{\"@context\":\"https:\\\/\\\/schema.org\",\"@graph\":[{\"@type\":\"WebPage\",\"@id\":\"https:\\\/\\\/luciagilclinicadental.com\\\/en\\\/politica-privacidad\\\/\",\"url\":\"https:\\\/\\\/luciagilclinicadental.com\\\/en\\\/politica-privacidad\\\/\",\"name\":\"Pol\u00edtica de Privacidad |\",\"isPartOf\":{\"@id\":\"https:\\\/\\\/luciagilclinicadental.com\\\/en\\\/#website\"},\"datePublished\":\"2019-05-26T21:07:54+00:00\",\"dateModified\":\"2025-07-29T15:52:03+00:00\",\"breadcrumb\":{\"@id\":\"https:\\\/\\\/luciagilclinicadental.com\\\/en\\\/politica-privacidad\\\/#breadcrumb\"},\"inLanguage\":\"en-GB\",\"potentialAction\":[{\"@type\":\"ReadAction\",\"target\":[\"https:\\\/\\\/luciagilclinicadental.com\\\/en\\\/politica-privacidad\\\/\"]}]},{\"@type\":\"BreadcrumbList\",\"@id\":\"https:\\\/\\\/luciagilclinicadental.com\\\/en\\\/politica-privacidad\\\/#breadcrumb\",\"itemListElement\":[{\"@type\":\"ListItem\",\"position\":1,\"name\":\"Portada\",\"item\":\"https:\\\/\\\/luciagilclinicadental.com\\\/en\\\/\"},{\"@type\":\"ListItem\",\"position\":2,\"name\":\"Pol\u00edtica de Privacidad\"}]},{\"@type\":\"WebSite\",\"@id\":\"https:\\\/\\\/luciagilclinicadental.com\\\/en\\\/#website\",\"url\":\"https:\\\/\\\/luciagilclinicadental.com\\\/en\\\/\",\"name\":\"Cl\u00ednica Dental Luc\u00eda Gil\",\"description\":\"Cl\u00ednica Dental Especializada en Est\u00e9tica Dental y Dise\u00f1o de Sonrisa\",\"publisher\":{\"@id\":\"https:\\\/\\\/luciagilclinicadental.com\\\/en\\\/#organization\"},\"alternateName\":\"Especialistas en Est\u00e9tica dental\",\"potentialAction\":[{\"@type\":\"SearchAction\",\"target\":{\"@type\":\"EntryPoint\",\"urlTemplate\":\"https:\\\/\\\/luciagilclinicadental.com\\\/en\\\/?s={search_term_string}\"},\"query-input\":{\"@type\":\"PropertyValueSpecification\",\"valueRequired\":true,\"valueName\":\"search_term_string\"}}],\"inLanguage\":\"en-GB\"},{\"@type\":\"Organization\",\"@id\":\"https:\\\/\\\/luciagilclinicadental.com\\\/en\\\/#organization\",\"name\":\"luciagilclinicadental.com\",\"alternateName\":\"Luc\u00eda Gil Dental\",\"url\":\"https:\\\/\\\/luciagilclinicadental.com\\\/en\\\/\",\"logo\":{\"@type\":\"ImageObject\",\"inLanguage\":\"en-GB\",\"@id\":\"https:\\\/\\\/luciagilclinicadental.com\\\/en\\\/#\\\/schema\\\/logo\\\/image\\\/\",\"url\":\"https:\\\/\\\/luciagilclinicadental.com\\\/wp-content\\\/uploads\\\/2020\\\/10\\\/favi.png\",\"contentUrl\":\"https:\\\/\\\/luciagilclinicadental.com\\\/wp-content\\\/uploads\\\/2020\\\/10\\\/favi.png\",\"width\":900,\"height\":900,\"caption\":\"luciagilclinicadental.com\"},\"image\":{\"@id\":\"https:\\\/\\\/luciagilclinicadental.com\\\/en\\\/#\\\/schema\\\/logo\\\/image\\\/\"},\"sameAs\":[\"https:\\\/\\\/www.facebook.com\\\/luciagilclinicadental\",\"https:\\\/\\\/www.instagram.com\\\/luciagildental\"]}]}<\/script>\n<!-- \/ Yoast SEO Premium plugin. -->","yoast_head_json":{"title":"Pol\u00edtica de Privacidad |","robots":{"index":"noindex","follow":"nofollow"},"og_locale":"en_GB","og_type":"article","og_title":"Pol\u00edtica de Privacidad","og_url":"https:\/\/luciagilclinicadental.com\/en\/politica-privacidad\/","article_publisher":"https:\/\/www.facebook.com\/luciagilclinicadental","article_modified_time":"2025-07-29T15:52:03+00:00","og_image":[{"width":300,"height":73,"url":"https:\/\/luciagilclinicadental.com\/wp-content\/uploads\/2020\/10\/lg-2x-c-e1752490047272.png","type":"image\/png"}],"twitter_card":"summary_large_image","twitter_misc":{"Estimated reading time":"5 minutes"},"schema":{"@context":"https:\/\/schema.org","@graph":[{"@type":"WebPage","@id":"https:\/\/luciagilclinicadental.com\/en\/politica-privacidad\/","url":"https:\/\/luciagilclinicadental.com\/en\/politica-privacidad\/","name":"Pol\u00edtica de Privacidad |","isPartOf":{"@id":"https:\/\/luciagilclinicadental.com\/en\/#website"},"datePublished":"2019-05-26T21:07:54+00:00","dateModified":"2025-07-29T15:52:03+00:00","breadcrumb":{"@id":"https:\/\/luciagilclinicadental.com\/en\/politica-privacidad\/#breadcrumb"},"inLanguage":"en-GB","potentialAction":[{"@type":"ReadAction","target":["https:\/\/luciagilclinicadental.com\/en\/politica-privacidad\/"]}]},{"@type":"BreadcrumbList","@id":"https:\/\/luciagilclinicadental.com\/en\/politica-privacidad\/#breadcrumb","itemListElement":[{"@type":"ListItem","position":1,"name":"Portada","item":"https:\/\/luciagilclinicadental.com\/en\/"},{"@type":"ListItem","position":2,"name":"Pol\u00edtica de Privacidad"}]},{"@type":"WebSite","@id":"https:\/\/luciagilclinicadental.com\/en\/#website","url":"https:\/\/luciagilclinicadental.com\/en\/","name":"Cl\u00ednica Dental Luc\u00eda Gil","description":"Cl\u00ednica Dental Especializada en Est\u00e9tica Dental y Dise\u00f1o de Sonrisa","publisher":{"@id":"https:\/\/luciagilclinicadental.com\/en\/#organization"},"alternateName":"Especialistas en Est\u00e9tica dental","potentialAction":[{"@type":"SearchAction","target":{"@type":"EntryPoint","urlTemplate":"https:\/\/luciagilclinicadental.com\/en\/?s={search_term_string}"},"query-input":{"@type":"PropertyValueSpecification","valueRequired":true,"valueName":"search_term_string"}}],"inLanguage":"en-GB"},{"@type":"Organization","@id":"https:\/\/luciagilclinicadental.com\/en\/#organization","name":"luciagilclinicadental.com","alternateName":"Luc\u00eda Gil Dental","url":"https:\/\/luciagilclinicadental.com\/en\/","logo":{"@type":"ImageObject","inLanguage":"en-GB","@id":"https:\/\/luciagilclinicadental.com\/en\/#\/schema\/logo\/image\/","url":"https:\/\/luciagilclinicadental.com\/wp-content\/uploads\/2020\/10\/favi.png","contentUrl":"https:\/\/luciagilclinicadental.com\/wp-content\/uploads\/2020\/10\/favi.png","width":900,"height":900,"caption":"luciagilclinicadental.com"},"image":{"@id":"https:\/\/luciagilclinicadental.com\/en\/#\/schema\/logo\/image\/"},"sameAs":["https:\/\/www.facebook.com\/luciagilclinicadental","https:\/\/www.instagram.com\/luciagildental"]}]}},"_links":{"self":[{"href":"https:\/\/luciagilclinicadental.com\/en\/wp-json\/wp\/v2\/pages\/3","targetHints":{"allow":["GET"]}}],"collection":[{"href":"https:\/\/luciagilclinicadental.com\/en\/wp-json\/wp\/v2\/pages"}],"about":[{"href":"https:\/\/luciagilclinicadental.com\/en\/wp-json\/wp\/v2\/types\/page"}],"author":[{"embeddable":true,"href":"https:\/\/luciagilclinicadental.com\/en\/wp-json\/wp\/v2\/users\/100000"}],"replies":[{"embeddable":true,"href":"https:\/\/luciagilclinicadental.com\/en\/wp-json\/wp\/v2\/comments?post=3"}],"version-history":[{"count":0,"href":"https:\/\/luciagilclinicadental.com\/en\/wp-json\/wp\/v2\/pages\/3\/revisions"}],"wp:attachment":[{"href":"https:\/\/luciagilclinicadental.com\/en\/wp-json\/wp\/v2\/media?parent=3"}],"curies":[{"name":"wp","href":"https:\/\/api.w.org\/{rel}","templated":true}]}}