{"id":2778,"date":"2020-11-18T13:21:24","date_gmt":"2020-11-18T13:21:24","guid":{"rendered":"https:\/\/red-hare-924226.hostingersite.com\/?page_id=2778"},"modified":"2025-07-29T17:41:52","modified_gmt":"2025-07-29T15:41:52","slug":"aviso-legal","status":"publish","type":"page","link":"https:\/\/luciagilclinicadental.com\/en\/aviso-legal\/","title":{"rendered":"Aviso legal"},"content":{"rendered":"<p><div class=\"fusion-fullwidth fullwidth-box fusion-builder-row-1 fusion-flex-container has-pattern-background has-mask-background fusion-parallax-none nonhundred-percent-fullwidth non-hundred-percent-height-scrolling\" style=\"--awb-border-radius-top-left:0px;--awb-border-radius-top-right:0px;--awb-border-radius-bottom-right:0px;--awb-border-radius-bottom-left:0px;--awb-padding-top:4%;--awb-padding-bottom:2%;--awb-padding-left-medium:8%;--awb-padding-top-small:10%;--awb-padding-bottom-small:10%;--awb-margin-top-small:0px;--awb-background-image:url(&quot;https:\/\/luciagilclinicadental.com\/wp-content\/uploads\/2020\/12\/bg3000.jpg&quot;);--awb-background-size:cover;--awb-flex-wrap:wrap;\" ><div class=\"fusion-builder-row fusion-row fusion-flex-align-items-flex-start fusion-flex-content-wrap\" style=\"max-width:1331.2px;margin-left: calc(-4% \/ 2 );margin-right: calc(-4% \/ 2 );\"><div class=\"fusion-layout-column fusion_builder_column fusion-builder-column-0 fusion_builder_column_1_1 1_1 fusion-flex-column\" style=\"--awb-bg-size:cover;--awb-width-large:100%;--awb-margin-top-large:0px;--awb-spacing-right-large:1.92%;--awb-margin-bottom-large:0px;--awb-spacing-left-large:1.92%;--awb-width-medium:100%;--awb-order-medium:0;--awb-spacing-right-medium:1.92%;--awb-spacing-left-medium:1.92%;--awb-width-small:100%;--awb-order-small:0;--awb-spacing-right-small:1.92%;--awb-spacing-left-small:1.92%;\" data-scroll-devices=\"small-visibility,medium-visibility,large-visibility\"><div class=\"fusion-column-wrapper fusion-column-has-shadow fusion-flex-justify-content-flex-start fusion-content-layout-column\"><div class=\"fusion-title title fusion-title-1 fusion-sep-none fusion-title-text fusion-title-size-two\" style=\"--awb-text-color:var(--awb-color1);--awb-font-size:35px;\"><h2 class=\"fusion-title-heading title-heading-left fusion-responsive-typography-calculated\" style=\"margin:0;font-size:1em;--fontSize:35;line-height:1.2;\">Aviso Legal.<\/h2><\/div><\/div><\/div><\/div><\/div><div class=\"fusion-fullwidth fullwidth-box fusion-builder-row-2 nonhundred-percent-fullwidth non-hundred-percent-height-scrolling\" style=\"--awb-border-radius-top-left:0px;--awb-border-radius-top-right:0px;--awb-border-radius-bottom-right:0px;--awb-border-radius-bottom-left:0px;--awb-flex-wrap:wrap;\" ><div class=\"fusion-builder-row fusion-row\"><div class=\"fusion-layout-column fusion_builder_column fusion-builder-column-1 fusion_builder_column_1_5 1_5 fusion-one-fifth fusion-column-first\" style=\"--awb-bg-size:cover;width:20%;width:calc(20% - ( ( 4% + 4% ) * 0.2 ) );margin-right: 4%;\"><div class=\"fusion-column-wrapper fusion-column-has-shadow fusion-flex-column-wrapper-legacy\"><div class=\"fusion-clearfix\"><\/div><\/div><\/div><div class=\"fusion-layout-column fusion_builder_column fusion-builder-column-2 fusion_builder_column_3_5 3_5 fusion-three-fifth\" style=\"--awb-bg-size:cover;width:60%;width:calc(60% - ( ( 4% + 4% ) * 0.6 ) );margin-right: 4%;\"><div class=\"fusion-column-wrapper fusion-column-has-shadow fusion-flex-column-wrapper-legacy\"><div class=\"fusion-sep-clear\"><\/div><div class=\"fusion-separator fusion-full-width-sep\" style=\"margin-left: auto;margin-right: auto;margin-top:80px;width:100%;\"><\/div><div class=\"fusion-sep-clear\"><\/div><div class=\"fusion-text fusion-text-1\"><p>This Legal Notice regulates the use of the Internet portal service at WWW.LUCIAGILCLINICADENTAL.COM, which is managed for identification purposes by:<\/p>\n<ul>\n<li aria-level=\"1\">Responsible: FERAL STRENIA, S.L.<\/li>\n<li aria-level=\"1\">NIF: B19480722<\/li>\n<li aria-level=\"1\">Address: GRAN V\u00cdA MARQU\u00c9S DEL TURIA No. 40, PTA 2<\/li>\n<li aria-level=\"1\">Telephone: 963331288<\/li>\n<li aria-level=\"1\">Mail: LUCIAGILADMON@GMAIL.COM<\/li>\n<\/ul>\n<p><b>Legislation<\/b><\/p>\n<p>In general, relations between FERAL STRENIA, S.L. and users of its telematic services, present on the website, are subject to Spanish legislation and jurisdiction.<\/p>\n<p>The parties expressly waive any jurisdiction that may correspond to them and expressly submit to the Courts and Tribunals of VALENCIA to resolve any dispute that may arise in the interpretation or execution of these contractual conditions.<\/p>\n<p><b>Content and Use<\/b><\/p>\n<p>The User is informed and accepts that access to this website does not in any way imply the beginning of a commercial relationship with FERAL STRENIA, S.L..<\/p>\n<p>The owner of the website does not identify with the opinions expressed on it by its contributors. The Company reserves the right to make any changes it deems appropriate to its website without prior notice, and may change, delete or add both the content and services provided through it and the way in which they are presented or located on its servers.<\/p>\n<p><b>Intellectual and industrial property<\/b><\/p>\n<p>The intellectual property rights of the content of the web pages, their graphic design and codes are owned by FERAL STRENIA, S.L. and, therefore, their reproduction, distribution, public communication, transformation or any other activity that can be carried out with the contents of its web pages is prohibited, even if the sources are cited, unless written consent is obtained from FERAL STRENIA, S.L. All trade names, trademarks or distinctive signs of any kind contained on the Company's web pages are the property of their owners and are protected by law.<\/p>\n<p><b>Links<\/b><\/p>\n<p>The presence of links on the web pages of FERAL STRENIA, S.L. is for informational purposes only and in no way constitutes a suggestion, invitation or recommendation regarding them.<\/p>\n<\/div><div class=\"fusion-sep-clear\"><\/div><div class=\"fusion-separator fusion-full-width-sep\" style=\"margin-left: auto;margin-right: auto;margin-top:80px;width:100%;\"><\/div><div class=\"fusion-sep-clear\"><\/div><div class=\"fusion-clearfix\"><\/div><\/div><\/div><div class=\"fusion-layout-column fusion_builder_column fusion-builder-column-3 fusion_builder_column_1_5 1_5 fusion-one-fifth fusion-column-last\" style=\"--awb-bg-size:cover;width:20%;width:calc(20% - ( ( 4% + 4% ) * 0.2 ) );\"><div class=\"fusion-column-wrapper fusion-column-has-shadow fusion-flex-column-wrapper-legacy\"><div class=\"fusion-clearfix\"><\/div><\/div><\/div><\/div><\/div><\/p>","protected":false},"excerpt":{"rendered":"","protected":false},"author":100000,"featured_media":0,"parent":0,"menu_order":20,"comment_status":"closed","ping_status":"closed","template":"100-width.php","meta":{"_joinchat":[],"footnotes":""},"class_list":["post-2778","page","type-page","status-publish","hentry"],"yoast_head":"<!-- This site is optimized with the Yoast SEO Premium plugin v27.2 (Yoast SEO v27.4) - https:\/\/yoast.com\/product\/yoast-seo-premium-wordpress\/ -->\n<title>Aviso legal |<\/title>\n<meta name=\"robots\" content=\"noindex, nofollow\" \/>\n<meta property=\"og:locale\" content=\"en_GB\" \/>\n<meta property=\"og:type\" content=\"article\" \/>\n<meta property=\"og:title\" content=\"Aviso legal\" \/>\n<meta property=\"og:url\" content=\"https:\/\/luciagilclinicadental.com\/en\/aviso-legal\/\" \/>\n<meta property=\"article:publisher\" content=\"https:\/\/www.facebook.com\/luciagilclinicadental\" \/>\n<meta property=\"article:modified_time\" content=\"2025-07-29T15:41:52+00:00\" \/>\n<meta property=\"og:image\" content=\"https:\/\/luciagilclinicadental.com\/wp-content\/uploads\/2020\/10\/lg-2x-c-e1752490047272.png\" \/>\n\t<meta property=\"og:image:width\" content=\"300\" \/>\n\t<meta property=\"og:image:height\" content=\"73\" \/>\n\t<meta property=\"og:image:type\" content=\"image\/png\" \/>\n<meta name=\"twitter:card\" content=\"summary_large_image\" \/>\n<meta name=\"twitter:label1\" content=\"Estimated reading time\" \/>\n\t<meta name=\"twitter:data1\" content=\"2 minutes\" \/>\n<script type=\"application\/ld+json\" class=\"yoast-schema-graph\">{\"@context\":\"https:\\\/\\\/schema.org\",\"@graph\":[{\"@type\":\"WebPage\",\"@id\":\"https:\\\/\\\/luciagilclinicadental.com\\\/aviso-legal\\\/\",\"url\":\"https:\\\/\\\/luciagilclinicadental.com\\\/aviso-legal\\\/\",\"name\":\"Aviso legal |\",\"isPartOf\":{\"@id\":\"https:\\\/\\\/luciagilclinicadental.com\\\/en\\\/#website\"},\"datePublished\":\"2020-11-18T13:21:24+00:00\",\"dateModified\":\"2025-07-29T15:41:52+00:00\",\"breadcrumb\":{\"@id\":\"https:\\\/\\\/luciagilclinicadental.com\\\/aviso-legal\\\/#breadcrumb\"},\"inLanguage\":\"en-GB\",\"potentialAction\":[{\"@type\":\"ReadAction\",\"target\":[\"https:\\\/\\\/luciagilclinicadental.com\\\/aviso-legal\\\/\"]}]},{\"@type\":\"BreadcrumbList\",\"@id\":\"https:\\\/\\\/luciagilclinicadental.com\\\/aviso-legal\\\/#breadcrumb\",\"itemListElement\":[{\"@type\":\"ListItem\",\"position\":1,\"name\":\"Portada\",\"item\":\"https:\\\/\\\/luciagilclinicadental.com\\\/en\\\/\"},{\"@type\":\"ListItem\",\"position\":2,\"name\":\"Aviso legal\"}]},{\"@type\":\"WebSite\",\"@id\":\"https:\\\/\\\/luciagilclinicadental.com\\\/en\\\/#website\",\"url\":\"https:\\\/\\\/luciagilclinicadental.com\\\/en\\\/\",\"name\":\"Cl\u00ednica Dental Luc\u00eda Gil\",\"description\":\"Cl\u00ednica Dental Especializada en Est\u00e9tica Dental y Dise\u00f1o de Sonrisa\",\"publisher\":{\"@id\":\"https:\\\/\\\/luciagilclinicadental.com\\\/en\\\/#organization\"},\"alternateName\":\"Especialistas en Est\u00e9tica dental\",\"potentialAction\":[{\"@type\":\"SearchAction\",\"target\":{\"@type\":\"EntryPoint\",\"urlTemplate\":\"https:\\\/\\\/luciagilclinicadental.com\\\/en\\\/?s={search_term_string}\"},\"query-input\":{\"@type\":\"PropertyValueSpecification\",\"valueRequired\":true,\"valueName\":\"search_term_string\"}}],\"inLanguage\":\"en-GB\"},{\"@type\":\"Organization\",\"@id\":\"https:\\\/\\\/luciagilclinicadental.com\\\/en\\\/#organization\",\"name\":\"luciagilclinicadental.com\",\"alternateName\":\"Luc\u00eda Gil Dental\",\"url\":\"https:\\\/\\\/luciagilclinicadental.com\\\/en\\\/\",\"logo\":{\"@type\":\"ImageObject\",\"inLanguage\":\"en-GB\",\"@id\":\"https:\\\/\\\/luciagilclinicadental.com\\\/en\\\/#\\\/schema\\\/logo\\\/image\\\/\",\"url\":\"https:\\\/\\\/luciagilclinicadental.com\\\/wp-content\\\/uploads\\\/2020\\\/10\\\/favi.png\",\"contentUrl\":\"https:\\\/\\\/luciagilclinicadental.com\\\/wp-content\\\/uploads\\\/2020\\\/10\\\/favi.png\",\"width\":900,\"height\":900,\"caption\":\"luciagilclinicadental.com\"},\"image\":{\"@id\":\"https:\\\/\\\/luciagilclinicadental.com\\\/en\\\/#\\\/schema\\\/logo\\\/image\\\/\"},\"sameAs\":[\"https:\\\/\\\/www.facebook.com\\\/luciagilclinicadental\",\"https:\\\/\\\/www.instagram.com\\\/luciagildental\"]}]}<\/script>\n<!-- \/ Yoast SEO Premium plugin. -->","yoast_head_json":{"title":"Aviso legal |","robots":{"index":"noindex","follow":"nofollow"},"og_locale":"en_GB","og_type":"article","og_title":"Aviso legal","og_url":"https:\/\/luciagilclinicadental.com\/en\/aviso-legal\/","article_publisher":"https:\/\/www.facebook.com\/luciagilclinicadental","article_modified_time":"2025-07-29T15:41:52+00:00","og_image":[{"width":300,"height":73,"url":"https:\/\/luciagilclinicadental.com\/wp-content\/uploads\/2020\/10\/lg-2x-c-e1752490047272.png","type":"image\/png"}],"twitter_card":"summary_large_image","twitter_misc":{"Estimated reading time":"2 minutes"},"schema":{"@context":"https:\/\/schema.org","@graph":[{"@type":"WebPage","@id":"https:\/\/luciagilclinicadental.com\/aviso-legal\/","url":"https:\/\/luciagilclinicadental.com\/aviso-legal\/","name":"Aviso legal |","isPartOf":{"@id":"https:\/\/luciagilclinicadental.com\/en\/#website"},"datePublished":"2020-11-18T13:21:24+00:00","dateModified":"2025-07-29T15:41:52+00:00","breadcrumb":{"@id":"https:\/\/luciagilclinicadental.com\/aviso-legal\/#breadcrumb"},"inLanguage":"en-GB","potentialAction":[{"@type":"ReadAction","target":["https:\/\/luciagilclinicadental.com\/aviso-legal\/"]}]},{"@type":"BreadcrumbList","@id":"https:\/\/luciagilclinicadental.com\/aviso-legal\/#breadcrumb","itemListElement":[{"@type":"ListItem","position":1,"name":"Portada","item":"https:\/\/luciagilclinicadental.com\/en\/"},{"@type":"ListItem","position":2,"name":"Aviso legal"}]},{"@type":"WebSite","@id":"https:\/\/luciagilclinicadental.com\/en\/#website","url":"https:\/\/luciagilclinicadental.com\/en\/","name":"Cl\u00ednica Dental Luc\u00eda Gil","description":"Cl\u00ednica Dental Especializada en Est\u00e9tica Dental y Dise\u00f1o de Sonrisa","publisher":{"@id":"https:\/\/luciagilclinicadental.com\/en\/#organization"},"alternateName":"Especialistas en Est\u00e9tica dental","potentialAction":[{"@type":"SearchAction","target":{"@type":"EntryPoint","urlTemplate":"https:\/\/luciagilclinicadental.com\/en\/?s={search_term_string}"},"query-input":{"@type":"PropertyValueSpecification","valueRequired":true,"valueName":"search_term_string"}}],"inLanguage":"en-GB"},{"@type":"Organization","@id":"https:\/\/luciagilclinicadental.com\/en\/#organization","name":"luciagilclinicadental.com","alternateName":"Luc\u00eda Gil Dental","url":"https:\/\/luciagilclinicadental.com\/en\/","logo":{"@type":"ImageObject","inLanguage":"en-GB","@id":"https:\/\/luciagilclinicadental.com\/en\/#\/schema\/logo\/image\/","url":"https:\/\/luciagilclinicadental.com\/wp-content\/uploads\/2020\/10\/favi.png","contentUrl":"https:\/\/luciagilclinicadental.com\/wp-content\/uploads\/2020\/10\/favi.png","width":900,"height":900,"caption":"luciagilclinicadental.com"},"image":{"@id":"https:\/\/luciagilclinicadental.com\/en\/#\/schema\/logo\/image\/"},"sameAs":["https:\/\/www.facebook.com\/luciagilclinicadental","https:\/\/www.instagram.com\/luciagildental"]}]}},"_links":{"self":[{"href":"https:\/\/luciagilclinicadental.com\/en\/wp-json\/wp\/v2\/pages\/2778","targetHints":{"allow":["GET"]}}],"collection":[{"href":"https:\/\/luciagilclinicadental.com\/en\/wp-json\/wp\/v2\/pages"}],"about":[{"href":"https:\/\/luciagilclinicadental.com\/en\/wp-json\/wp\/v2\/types\/page"}],"author":[{"embeddable":true,"href":"https:\/\/luciagilclinicadental.com\/en\/wp-json\/wp\/v2\/users\/100000"}],"replies":[{"embeddable":true,"href":"https:\/\/luciagilclinicadental.com\/en\/wp-json\/wp\/v2\/comments?post=2778"}],"version-history":[{"count":0,"href":"https:\/\/luciagilclinicadental.com\/en\/wp-json\/wp\/v2\/pages\/2778\/revisions"}],"wp:attachment":[{"href":"https:\/\/luciagilclinicadental.com\/en\/wp-json\/wp\/v2\/media?parent=2778"}],"curies":[{"name":"wp","href":"https:\/\/api.w.org\/{rel}","templated":true}]}}