{"id":1962,"date":"2020-05-14T11:34:40","date_gmt":"2020-05-14T11:34:40","guid":{"rendered":"https:\/\/red-hare-924226.hostingersite.com\/?page_id=1962"},"modified":"2025-09-03T16:19:50","modified_gmt":"2025-09-03T14:19:50","slug":"contacto-clinica-dental-valencia","status":"publish","type":"page","link":"https:\/\/luciagilclinicadental.com\/en\/contacto-clinica-dental-valencia\/","title":{"rendered":"Contacto"},"content":{"rendered":"<p><div class=\"fusion-fullwidth fullwidth-box fusion-builder-row-1 fusion-flex-container has-pattern-background has-mask-background fusion-parallax-fixed hundred-percent-fullwidth non-hundred-percent-height-scrolling\" style=\"--awb-border-radius-top-left:0px;--awb-border-radius-top-right:0px;--awb-border-radius-bottom-right:0px;--awb-border-radius-bottom-left:0px;--awb-padding-right:0px;--awb-padding-left:0px;--awb-background-image:url(&quot;https:\/\/luciagilclinicadental.com\/wp-content\/uploads\/2025\/06\/7P8A1864-2.webp&quot;);--awb-background-size:cover;--awb-flex-wrap:wrap;background-attachment:fixed;\" ><div class=\"fusion-builder-row fusion-row fusion-flex-align-items-stretch fusion-flex-content-wrap\" style=\"width:calc( 100% + 0px ) !important;max-width:calc( 100% + 0px ) !important;margin-left: calc(-0px \/ 2 );margin-right: calc(-0px \/ 2 );\"><div class=\"fusion-layout-column fusion_builder_column fusion-builder-column-0 fusion_builder_column_1_2 1_2 fusion-flex-column fusion-menu fusion-animated\" style=\"--awb-padding-top:10%;--awb-padding-right:20%;--awb-padding-bottom:10%;--awb-padding-left:20%;--awb-bg-color:rgba(255,255,255,0.82);--awb-bg-color-hover:rgba(255,255,255,0.82);--awb-bg-size:cover;--awb-width-large:50%;--awb-margin-top-large:0px;--awb-spacing-right-large:0px;--awb-margin-bottom-large:0px;--awb-spacing-left-large:0px;--awb-width-medium:100%;--awb-order-medium:0;--awb-spacing-right-medium:0px;--awb-spacing-left-medium:0px;--awb-width-small:100%;--awb-order-small:0;--awb-spacing-right-small:0px;--awb-spacing-left-small:0px;\" data-animationType=\"fadeIn\" data-animationDuration=\"1.0\" data-animationOffset=\"top-into-view\"><div class=\"fusion-column-wrapper fusion-column-has-shadow fusion-flex-justify-content-center fusion-content-layout-column\"><div class=\"fusion-title title fusion-title-1 fusion-sep-none fusion-title-text fusion-title-size-two\"><h2 class=\"fusion-title-heading title-heading-left fusion-responsive-typography-calculated\" style=\"margin:0;--fontSize:35;line-height:1.2;\">Pide Tu Cita Online.<\/h2><\/div><div class=\"fusion-separator\" style=\"align-self: flex-start;margin-right:auto;margin-top:-10px;margin-bottom:35px;width:100%;max-width:170px;\"><div class=\"fusion-separator-border sep-single sep-solid\" style=\"--awb-height:20px;--awb-amount:20px;--awb-sep-color:#dbb0b5;border-color:#dbb0b5;border-top-width:3px;\"><\/div><\/div>\n<div class=\"wpcf7 no-js\" id=\"wpcf7-f2767-o1\" lang=\"es-ES\" dir=\"ltr\" data-wpcf7-id=\"2767\">\n<div class=\"screen-reader-response\"><p role=\"status\" aria-live=\"polite\" aria-atomic=\"true\"><\/p> <ul><\/ul><\/div>\n<form action=\"\/en\/wp-json\/wp\/v2\/pages\/1962#wpcf7-f2767-o1\" method=\"post\" class=\"wpcf7-form init\" aria-label=\"Formulario de contacto\" novalidate=\"novalidate\" data-status=\"init\">\n<fieldset class=\"hidden-fields-container\"><input type=\"hidden\" name=\"_wpcf7\" value=\"2767\" \/><input type=\"hidden\" name=\"_wpcf7_version\" value=\"6.1.5\" \/><input type=\"hidden\" name=\"_wpcf7_locale\" value=\"es_ES\" \/><input type=\"hidden\" name=\"_wpcf7_unit_tag\" value=\"wpcf7-f2767-o1\" \/><input type=\"hidden\" name=\"_wpcf7_container_post\" value=\"0\" \/><input type=\"hidden\" name=\"_wpcf7_posted_data_hash\" value=\"\" \/><input type=\"hidden\" name=\"_wpcf7_recaptcha_response\" value=\"\" \/>\n<\/fieldset>\n<p><label> <strong>Tu nombre y apellido:<\/strong><br \/>\n<span class=\"wpcf7-form-control-wrap\" data-name=\"nombre\"><input size=\"40\" maxlength=\"400\" class=\"wpcf7-form-control wpcf7-text wpcf7-validates-as-required\" aria-required=\"true\" aria-invalid=\"false\" value=\"\" type=\"text\" name=\"nombre\" \/><\/span> <\/label>\n<\/p>\n<p><label> <strong>Tu tel\u00e9fono:<\/strong><br \/>\n<span class=\"wpcf7-form-control-wrap\" data-name=\"telefono\"><input size=\"40\" maxlength=\"400\" class=\"wpcf7-form-control wpcf7-tel wpcf7-validates-as-required wpcf7-text wpcf7-validates-as-tel\" aria-required=\"true\" aria-invalid=\"false\" value=\"\" type=\"tel\" name=\"telefono\" \/><\/span><\/label>\n<\/p>\n<p><label> <strong>\u00bfQu\u00e9 d\u00eda puedes venir?<\/strong> *Estamos de Lunes a Viernes<br \/>\n<span class=\"wpcf7-form-control-wrap\" data-name=\"date-519\"><input class=\"wpcf7-form-control wpcf7-date wpcf7-validates-as-required wpcf7-validates-as-date\" aria-required=\"true\" aria-invalid=\"false\" value=\"\" type=\"date\" name=\"date-519\" \/><\/span><\/label>\n<\/p>\n<p><label> <strong>\u00bfPor la ma\u00f1ana o tarde?<\/strong><br \/>\n<span class=\"wpcf7-form-control-wrap\" data-name=\"menu-999\"><select class=\"wpcf7-form-control wpcf7-select wpcf7-validates-as-required\" aria-required=\"true\" aria-invalid=\"false\" name=\"menu-999\"><option value=\"Por la ma\u00f1ana de 10:00h \u2013 14:00h\">Por la ma\u00f1ana de 10:00h \u2013 14:00h<\/option><option value=\"Por la tarde de 15:00h \u2013 20:00h\">Por la tarde de 15:00h \u2013 20:00h<\/option><\/select><\/span><\/label><label><\/label>\n<\/p>\n<p><label> <strong>Motivo de la consulta:<\/strong><br \/>\n<span class=\"wpcf7-form-control-wrap\" data-name=\"text-171\"><input size=\"40\" maxlength=\"400\" class=\"wpcf7-form-control wpcf7-text wpcf7-validates-as-required\" aria-required=\"true\" aria-invalid=\"false\" value=\"\" type=\"text\" name=\"text-171\" \/><\/span><br \/>\n<span class=\"wpcf7-form-control-wrap\" data-name=\"acceptance-101\"><span class=\"wpcf7-form-control wpcf7-acceptance\"><span class=\"wpcf7-list-item\"><label><input type=\"checkbox\" name=\"acceptance-101\" value=\"1\" aria-invalid=\"false\" \/><span class=\"wpcf7-list-item-label\">Acepto la <span class=\"enlaces-rosados\"><a href=\"https:\/\/luciagilclinicadental.com\/politica-privacidad\">Pol\u00edtica de Privacidad<\/a><\/span>.<\/span><\/label><\/span><\/span><\/span><br \/>\n<\/label>\n<\/p>\n<div class=\"padding-bottom\">\n\t<p><input class=\"wpcf7-form-control wpcf7-submit has-spinner boton-rosa\" type=\"submit\" value=\"Enviar\" \/>\n\t<\/p>\n<\/div><div class=\"fusion-alert alert custom alert-custom fusion-alert-center wpcf7-response-output fusion-alert-capitalize awb-alert-native-link-color alert-dismissable awb-alert-close-boxed\" style=\"--awb-border-size:1px;--awb-border-top-left-radius:0px;--awb-border-top-right-radius:0px;--awb-border-bottom-left-radius:0px;--awb-border-bottom-right-radius:0px;\" role=\"alert\"><div class=\"fusion-alert-content-wrapper\"><span class=\"fusion-alert-content\"><\/span><\/div><button type=\"button\" class=\"close toggle-alert\" data-dismiss=\"alert\" aria-label=\"Close\">&times;<\/button><\/div>\n<\/form>\n<\/div>\n<\/div><\/div><div class=\"fusion-layout-column fusion_builder_column fusion-builder-column-1 fusion_builder_column_1_2 1_2 fusion-flex-column fusion-menu fusion-no-small-visibility fusion-animated\" style=\"--awb-padding-top:5%;--awb-padding-right:5%;--awb-padding-bottom:5%;--awb-padding-left:5%;--awb-bg-position:center center;--awb-bg-size:cover;--awb-width-large:50%;--awb-margin-top-large:0px;--awb-spacing-right-large:0px;--awb-margin-bottom-large:0px;--awb-spacing-left-large:0px;--awb-width-medium:100%;--awb-order-medium:0;--awb-spacing-right-medium:0px;--awb-spacing-left-medium:0px;--awb-width-small:100%;--awb-order-small:0;--awb-spacing-right-small:0px;--awb-spacing-left-small:0px;\" data-animationType=\"fadeInRight\" data-animationDuration=\"1.0\" data-animationOffset=\"top-into-view\"><div class=\"fusion-column-wrapper fusion-column-has-shadow fusion-flex-justify-content-flex-start fusion-content-layout-row\"><a id=\"zl-url\" class=\"zl-url\" href=\"https:\/\/www.doctoralia.es\/lucia-gil-raga\/dentista-dentista-infantil\/valencia\" rel=\"nofollow\" data-zlw-doctor=\"lucia-gil-raga\" data-zlw-type=\"big\" data-zlw-opinion=\"true\" data-zlw-hide-branding=\"true\">Lucia Gil Raga - Doctoralia.es<\/a><script>!function($_x,_s,id){var js,fjs=$_x.getElementsByTagName(_s)[0];if(!$_x.getElementById(id)){js = $_x.createElement(_s);js.id = id;js.src = \"\/\/platform.docplanner.com\/js\/widget.js\";fjs.parentNode.insertBefore(js,fjs);}}(document,\"script\",\"zl-widget-s\");<\/script><div class=\"fusion-separator fusion-full-width-sep\" style=\"align-self: center;margin-left: auto;margin-right: auto;margin-top:50px;width:100%;\"><\/div><\/div><\/div><\/div><\/div><div class=\"fusion-fullwidth fullwidth-box fusion-builder-row-2 fusion-flex-container hundred-percent-fullwidth non-hundred-percent-height-scrolling\" style=\"--awb-border-radius-top-left:0px;--awb-border-radius-top-right:0px;--awb-border-radius-bottom-right:0px;--awb-border-radius-bottom-left:0px;--awb-padding-right:0px;--awb-padding-left:0px;--awb-flex-wrap:wrap;\" ><div class=\"fusion-builder-row fusion-row fusion-flex-align-items-stretch fusion-flex-content-wrap\" style=\"width:calc( 100% + 0px ) !important;max-width:calc( 100% + 0px ) !important;margin-left: calc(-0px \/ 2 );margin-right: calc(-0px \/ 2 );\"><div class=\"fusion-layout-column fusion_builder_column fusion-builder-column-2 fusion_builder_column_1_2 1_2 fusion-flex-column fusion-menu fusion-no-small-visibility fusion-animated\" style=\"--awb-bg-image:url(&#039;http:\/\/luciagilclinicadental.com\/wp-content\/uploads\/2021\/05\/7P8A2192.jpg&#039;);--awb-bg-position:right center;--awb-bg-size:cover;--awb-width-large:50%;--awb-margin-top-large:0px;--awb-spacing-right-large:0px;--awb-margin-bottom-large:0px;--awb-spacing-left-large:0px;--awb-width-medium:100%;--awb-order-medium:0;--awb-spacing-right-medium:0px;--awb-spacing-left-medium:0px;--awb-width-small:100%;--awb-order-small:0;--awb-spacing-right-small:0px;--awb-spacing-left-small:0px;\" data-animationType=\"fadeInRight\" data-animationDuration=\"1.0\" data-animationOffset=\"top-into-view\"><div class=\"fusion-column-wrapper fusion-column-has-shadow fusion-flex-justify-content-flex-start fusion-content-layout-column fusion-empty-column-bg-image fusion-column-has-bg-image\" data-bg-url=\"http:\/\/luciagilclinicadental.com\/wp-content\/uploads\/2021\/05\/7P8A2192.jpg\"><img decoding=\"async\" class=\"fusion-empty-dims-img-placeholder fusion-no-large-visibility\" src=\"data:image\/gif;base64,R0lGODlhAQABAAAAACH5BAEKAAEALAAAAAABAAEAAAICTAEAOw==\"><\/div><\/div><div class=\"fusion-layout-column fusion_builder_column fusion-builder-column-3 fusion_builder_column_1_2 1_2 fusion-flex-column fusion-menu fusion-animated\" style=\"--awb-padding-top:10%;--awb-padding-right:10%;--awb-padding-bottom:10%;--awb-padding-left:10%;--awb-bg-size:cover;--awb-width-large:50%;--awb-margin-top-large:0px;--awb-spacing-right-large:0px;--awb-margin-bottom-large:0px;--awb-spacing-left-large:0px;--awb-width-medium:100%;--awb-order-medium:0;--awb-spacing-right-medium:0px;--awb-spacing-left-medium:0px;--awb-width-small:100%;--awb-order-small:0;--awb-spacing-right-small:0px;--awb-spacing-left-small:0px;\" data-animationType=\"fadeIn\" data-animationDuration=\"1.0\" data-animationOffset=\"top-into-view\"><div class=\"fusion-column-wrapper fusion-column-has-shadow fusion-flex-justify-content-center fusion-content-layout-column\"><div class=\"fusion-title title fusion-title-2 fusion-sep-none fusion-title-text fusion-title-size-two\"><h2 class=\"fusion-title-heading title-heading-left fusion-responsive-typography-calculated\" style=\"margin:0;--fontSize:35;line-height:1.2;\">Cl\u00ednica Especializada en Sonrisas.<\/h2><\/div><div class=\"fusion-title title fusion-title-3 fusion-sep-none fusion-title-text fusion-title-size-three\" style=\"--awb-text-color:var(--awb-custom_color_2);--awb-margin-top:-15px;--awb-font-size:25px;\"><h3 class=\"fusion-title-heading title-heading-left fusion-responsive-typography-calculated\" style=\"margin:0;letter-spacing:-1px;font-size:1em;--fontSize:25;line-height:1.2;\">\u00a1Queremos Ayudarte a Sonre\u00edr!<\/h3><\/div><div class=\"fusion-separator\" style=\"align-self: flex-start;margin-right:auto;margin-top:-10px;margin-bottom:35px;width:100%;max-width:170px;\"><div class=\"fusion-separator-border sep-single sep-solid\" style=\"--awb-height:20px;--awb-amount:20px;--awb-sep-color:#dbb0b5;border-color:#dbb0b5;border-top-width:3px;\"><\/div><\/div><div class=\"fusion-text fusion-text-1 enlaces-rosados\" style=\"--awb-font-size:15px;--awb-line-height:1.8;--awb-text-color:var(--awb-custom_color_2);\"><div class=\"place-name\">\n<p><strong>Cl\u00ednica Dental Luc\u00eda Gil Raga<\/strong><\/p>\n<\/div>\n<div class=\"address\">Gran V\u00eda del Marqu\u00e9s del T\u00faria, 40, 46005 Val\u00e8ncia, Valencia<\/div>\n<p dir=\"ltr\">Tel. <a href=\"tel:+34963331288\">96 333 12 88<\/a>\u00a0 \/ Mov. <a href=\"tel:+34671989430\">671 98 94 30<\/a><br \/>\n<a href=\"mailto:sonrisas@luciagilclinicadental.com\" target=\"_blank\" rel=\"noopener\">sonrisas@luciagilclinicadental.com<\/a><\/p>\n<p dir=\"ltr\"><strong>Horario de Lunes a Viernes<\/strong><br \/>\nMa\u00f1anas 10:00h &#8211; 14:00h<br \/>\nTardes: 15:00h &#8211; 20:00h<\/p>\n<\/div><\/div><\/div><\/div><\/div><div class=\"fusion-fullwidth fullwidth-box fusion-builder-row-3 fusion-flex-container hundred-percent-fullwidth non-hundred-percent-height-scrolling\" style=\"--awb-border-radius-top-left:0px;--awb-border-radius-top-right:0px;--awb-border-radius-bottom-right:0px;--awb-border-radius-bottom-left:0px;--awb-padding-top:0px;--awb-padding-right:0px;--awb-padding-bottom:0px;--awb-padding-left:0px;--awb-background-color:#f9f9f9;--awb-flex-wrap:wrap;\" ><div class=\"fusion-builder-row fusion-row fusion-flex-align-items-flex-start fusion-flex-content-wrap\" style=\"width:104% !important;max-width:104% !important;margin-left: calc(-4% \/ 2 );margin-right: calc(-4% \/ 2 );\"><div class=\"fusion-layout-column fusion_builder_column fusion-builder-column-4 fusion_builder_column_1_1 1_1 fusion-flex-column\" style=\"--awb-padding-top:0px;--awb-padding-right:1%;--awb-padding-bottom:0px;--awb-padding-left:1%;--awb-bg-size:cover;--awb-width-large:100%;--awb-margin-top-large:0px;--awb-spacing-right-large:0px;--awb-margin-bottom-large:0px;--awb-spacing-left-large:0px;--awb-width-medium:100%;--awb-order-medium:0;--awb-spacing-right-medium:1.92%;--awb-spacing-left-medium:1.92%;--awb-width-small:100%;--awb-order-small:0;--awb-spacing-right-small:1.92%;--awb-spacing-left-small:1.92%;\"><div class=\"fusion-column-wrapper fusion-column-has-shadow fusion-flex-justify-content-center fusion-content-layout-row\"><iframe src=\"https:\/\/www.google.com\/maps\/embed?pb=!1m14!1m8!1m3!1d12320.516237746753!2d-0.369394!3d39.466413!3m2!1i1024!2i768!4f13.1!3m3!1m2!1s0x0%3A0x9d6bdfd20d4cc17f!2sClinica%20Dental%20Lucia%20Gil%20Raga!5e0!3m2!1ses!2ses!4v1603122476120!5m2!1ses!2ses\" width=\"100%\" height=\"400\" frameborder=\"0\" style=\"border:0;\" allowfullscreen=\"\" aria-hidden=\"false\" tabindex=\"0\"><\/iframe><\/div><\/div><\/div><\/div><\/p>\n","protected":false},"excerpt":{"rendered":"","protected":false},"author":100000,"featured_media":0,"parent":0,"menu_order":11,"comment_status":"closed","ping_status":"closed","template":"100-width.php","meta":{"_joinchat":[],"footnotes":""},"class_list":["post-1962","page","type-page","status-publish","hentry"],"yoast_head":"<!-- This site is optimized with the Yoast SEO Premium plugin v27.2 (Yoast SEO v27.4) - https:\/\/yoast.com\/product\/yoast-seo-premium-wordpress\/ -->\n<title>Contacta con Nuestra Cl\u00ednica Dental de Valencia | Luc\u00eda Gil Dental<\/title>\n<meta name=\"description\" content=\"Expertos en Tratamientos de Est\u00e9tica Dental y Dise\u00f1o de Sonrisa \u2b50 Pide Cita o Ll\u00e1manos \u260e\ufe0f 963 33 12 88 !Queremos Conocerte!\" \/>\n<meta name=\"robots\" content=\"index, follow, max-snippet:-1, max-image-preview:large, max-video-preview:-1\" \/>\n<link rel=\"canonical\" href=\"https:\/\/luciagilclinicadental.com\/en\/contacto-clinica-dental-valencia\/\" \/>\n<meta property=\"og:locale\" content=\"en_GB\" \/>\n<meta property=\"og:type\" content=\"article\" \/>\n<meta property=\"og:title\" content=\"Contacto\" \/>\n<meta property=\"og:url\" content=\"https:\/\/luciagilclinicadental.com\/en\/contacto-clinica-dental-valencia\/\" \/>\n<meta property=\"article:publisher\" content=\"https:\/\/www.facebook.com\/luciagilclinicadental\" \/>\n<meta property=\"article:modified_time\" content=\"2025-09-03T14:19:50+00:00\" \/>\n<meta property=\"og:image\" content=\"https:\/\/luciagilclinicadental.com\/wp-content\/uploads\/2020\/10\/lg-2x-c-e1752490047272.png\" \/>\n\t<meta property=\"og:image:width\" content=\"300\" \/>\n\t<meta property=\"og:image:height\" content=\"73\" \/>\n\t<meta property=\"og:image:type\" content=\"image\/png\" \/>\n<meta name=\"twitter:card\" content=\"summary_large_image\" \/>\n<meta name=\"twitter:label1\" content=\"Estimated reading time\" \/>\n\t<meta name=\"twitter:data1\" content=\"1 minute\" \/>\n<script type=\"application\/ld+json\" class=\"yoast-schema-graph\">{\"@context\":\"https:\\\/\\\/schema.org\",\"@graph\":[{\"@type\":\"WebPage\",\"@id\":\"https:\\\/\\\/luciagilclinicadental.com\\\/contacto-clinica-dental-valencia\\\/\",\"url\":\"https:\\\/\\\/luciagilclinicadental.com\\\/contacto-clinica-dental-valencia\\\/\",\"name\":\"Contacta con Nuestra Cl\u00ednica Dental de Valencia | Luc\u00eda Gil Dental\",\"isPartOf\":{\"@id\":\"https:\\\/\\\/luciagilclinicadental.com\\\/en\\\/#website\"},\"datePublished\":\"2020-05-14T11:34:40+00:00\",\"dateModified\":\"2025-09-03T14:19:50+00:00\",\"description\":\"Expertos en Tratamientos de Est\u00e9tica Dental y Dise\u00f1o de Sonrisa \u2b50 Pide Cita o Ll\u00e1manos \u260e\ufe0f 963 33 12 88 !Queremos Conocerte!\",\"breadcrumb\":{\"@id\":\"https:\\\/\\\/luciagilclinicadental.com\\\/contacto-clinica-dental-valencia\\\/#breadcrumb\"},\"inLanguage\":\"en-GB\",\"potentialAction\":[{\"@type\":\"ReadAction\",\"target\":[\"https:\\\/\\\/luciagilclinicadental.com\\\/contacto-clinica-dental-valencia\\\/\"]}]},{\"@type\":\"BreadcrumbList\",\"@id\":\"https:\\\/\\\/luciagilclinicadental.com\\\/contacto-clinica-dental-valencia\\\/#breadcrumb\",\"itemListElement\":[{\"@type\":\"ListItem\",\"position\":1,\"name\":\"Portada\",\"item\":\"https:\\\/\\\/luciagilclinicadental.com\\\/en\\\/\"},{\"@type\":\"ListItem\",\"position\":2,\"name\":\"Contacto\"}]},{\"@type\":\"WebSite\",\"@id\":\"https:\\\/\\\/luciagilclinicadental.com\\\/en\\\/#website\",\"url\":\"https:\\\/\\\/luciagilclinicadental.com\\\/en\\\/\",\"name\":\"Cl\u00ednica Dental Luc\u00eda Gil\",\"description\":\"Cl\u00ednica Dental Especializada en Est\u00e9tica Dental y Dise\u00f1o de Sonrisa\",\"publisher\":{\"@id\":\"https:\\\/\\\/luciagilclinicadental.com\\\/en\\\/#organization\"},\"alternateName\":\"Especialistas en Est\u00e9tica dental\",\"potentialAction\":[{\"@type\":\"SearchAction\",\"target\":{\"@type\":\"EntryPoint\",\"urlTemplate\":\"https:\\\/\\\/luciagilclinicadental.com\\\/en\\\/?s={search_term_string}\"},\"query-input\":{\"@type\":\"PropertyValueSpecification\",\"valueRequired\":true,\"valueName\":\"search_term_string\"}}],\"inLanguage\":\"en-GB\"},{\"@type\":\"Organization\",\"@id\":\"https:\\\/\\\/luciagilclinicadental.com\\\/en\\\/#organization\",\"name\":\"luciagilclinicadental.com\",\"alternateName\":\"Luc\u00eda Gil Dental\",\"url\":\"https:\\\/\\\/luciagilclinicadental.com\\\/en\\\/\",\"logo\":{\"@type\":\"ImageObject\",\"inLanguage\":\"en-GB\",\"@id\":\"https:\\\/\\\/luciagilclinicadental.com\\\/en\\\/#\\\/schema\\\/logo\\\/image\\\/\",\"url\":\"https:\\\/\\\/luciagilclinicadental.com\\\/wp-content\\\/uploads\\\/2020\\\/10\\\/favi.png\",\"contentUrl\":\"https:\\\/\\\/luciagilclinicadental.com\\\/wp-content\\\/uploads\\\/2020\\\/10\\\/favi.png\",\"width\":900,\"height\":900,\"caption\":\"luciagilclinicadental.com\"},\"image\":{\"@id\":\"https:\\\/\\\/luciagilclinicadental.com\\\/en\\\/#\\\/schema\\\/logo\\\/image\\\/\"},\"sameAs\":[\"https:\\\/\\\/www.facebook.com\\\/luciagilclinicadental\",\"https:\\\/\\\/www.instagram.com\\\/luciagildental\"]}]}<\/script>\n<!-- \/ Yoast SEO Premium plugin. -->","yoast_head_json":{"title":"Contacta con Nuestra Cl\u00ednica Dental de Valencia | Luc\u00eda Gil Dental","description":"Expertos en Tratamientos de Est\u00e9tica Dental y Dise\u00f1o de Sonrisa \u2b50 Pide Cita o Ll\u00e1manos \u260e\ufe0f 963 33 12 88 !Queremos Conocerte!","robots":{"index":"index","follow":"follow","max-snippet":"max-snippet:-1","max-image-preview":"max-image-preview:large","max-video-preview":"max-video-preview:-1"},"canonical":"https:\/\/luciagilclinicadental.com\/en\/contacto-clinica-dental-valencia\/","og_locale":"en_GB","og_type":"article","og_title":"Contacto","og_url":"https:\/\/luciagilclinicadental.com\/en\/contacto-clinica-dental-valencia\/","article_publisher":"https:\/\/www.facebook.com\/luciagilclinicadental","article_modified_time":"2025-09-03T14:19:50+00:00","og_image":[{"width":300,"height":73,"url":"https:\/\/luciagilclinicadental.com\/wp-content\/uploads\/2020\/10\/lg-2x-c-e1752490047272.png","type":"image\/png"}],"twitter_card":"summary_large_image","twitter_misc":{"Estimated reading time":"1 minute"},"schema":{"@context":"https:\/\/schema.org","@graph":[{"@type":"WebPage","@id":"https:\/\/luciagilclinicadental.com\/contacto-clinica-dental-valencia\/","url":"https:\/\/luciagilclinicadental.com\/contacto-clinica-dental-valencia\/","name":"Contacta con Nuestra Cl\u00ednica Dental de Valencia | Luc\u00eda Gil Dental","isPartOf":{"@id":"https:\/\/luciagilclinicadental.com\/en\/#website"},"datePublished":"2020-05-14T11:34:40+00:00","dateModified":"2025-09-03T14:19:50+00:00","description":"Expertos en Tratamientos de Est\u00e9tica Dental y Dise\u00f1o de Sonrisa \u2b50 Pide Cita o Ll\u00e1manos \u260e\ufe0f 963 33 12 88 !Queremos Conocerte!","breadcrumb":{"@id":"https:\/\/luciagilclinicadental.com\/contacto-clinica-dental-valencia\/#breadcrumb"},"inLanguage":"en-GB","potentialAction":[{"@type":"ReadAction","target":["https:\/\/luciagilclinicadental.com\/contacto-clinica-dental-valencia\/"]}]},{"@type":"BreadcrumbList","@id":"https:\/\/luciagilclinicadental.com\/contacto-clinica-dental-valencia\/#breadcrumb","itemListElement":[{"@type":"ListItem","position":1,"name":"Portada","item":"https:\/\/luciagilclinicadental.com\/en\/"},{"@type":"ListItem","position":2,"name":"Contacto"}]},{"@type":"WebSite","@id":"https:\/\/luciagilclinicadental.com\/en\/#website","url":"https:\/\/luciagilclinicadental.com\/en\/","name":"Cl\u00ednica Dental Luc\u00eda Gil","description":"Cl\u00ednica Dental Especializada en Est\u00e9tica Dental y Dise\u00f1o de Sonrisa","publisher":{"@id":"https:\/\/luciagilclinicadental.com\/en\/#organization"},"alternateName":"Especialistas en Est\u00e9tica dental","potentialAction":[{"@type":"SearchAction","target":{"@type":"EntryPoint","urlTemplate":"https:\/\/luciagilclinicadental.com\/en\/?s={search_term_string}"},"query-input":{"@type":"PropertyValueSpecification","valueRequired":true,"valueName":"search_term_string"}}],"inLanguage":"en-GB"},{"@type":"Organization","@id":"https:\/\/luciagilclinicadental.com\/en\/#organization","name":"luciagilclinicadental.com","alternateName":"Luc\u00eda Gil Dental","url":"https:\/\/luciagilclinicadental.com\/en\/","logo":{"@type":"ImageObject","inLanguage":"en-GB","@id":"https:\/\/luciagilclinicadental.com\/en\/#\/schema\/logo\/image\/","url":"https:\/\/luciagilclinicadental.com\/wp-content\/uploads\/2020\/10\/favi.png","contentUrl":"https:\/\/luciagilclinicadental.com\/wp-content\/uploads\/2020\/10\/favi.png","width":900,"height":900,"caption":"luciagilclinicadental.com"},"image":{"@id":"https:\/\/luciagilclinicadental.com\/en\/#\/schema\/logo\/image\/"},"sameAs":["https:\/\/www.facebook.com\/luciagilclinicadental","https:\/\/www.instagram.com\/luciagildental"]}]}},"_links":{"self":[{"href":"https:\/\/luciagilclinicadental.com\/en\/wp-json\/wp\/v2\/pages\/1962","targetHints":{"allow":["GET"]}}],"collection":[{"href":"https:\/\/luciagilclinicadental.com\/en\/wp-json\/wp\/v2\/pages"}],"about":[{"href":"https:\/\/luciagilclinicadental.com\/en\/wp-json\/wp\/v2\/types\/page"}],"author":[{"embeddable":true,"href":"https:\/\/luciagilclinicadental.com\/en\/wp-json\/wp\/v2\/users\/100000"}],"replies":[{"embeddable":true,"href":"https:\/\/luciagilclinicadental.com\/en\/wp-json\/wp\/v2\/comments?post=1962"}],"version-history":[{"count":0,"href":"https:\/\/luciagilclinicadental.com\/en\/wp-json\/wp\/v2\/pages\/1962\/revisions"}],"wp:attachment":[{"href":"https:\/\/luciagilclinicadental.com\/en\/wp-json\/wp\/v2\/media?parent=1962"}],"curies":[{"name":"wp","href":"https:\/\/api.w.org\/{rel}","templated":true}]}}